{"id":88,"date":"2014-10-11T10:33:44","date_gmt":"2014-10-11T10:33:44","guid":{"rendered":"http:\/\/linux\/?page_id=88"},"modified":"2023-07-06T15:16:59","modified_gmt":"2023-07-06T13:16:59","slug":"kontakt","status":"publish","type":"page","link":"https:\/\/www.candor-beratung.de\/?page_id=88","title":{"rendered":"Kontakt"},"content":{"rendered":"<p>Candor Beratungsgesellschaft mbH<br \/>\nGesch\u00e4ftsf\u00fchrung<br \/>\nAm Kiefernhang 9<br \/>\n14089 Berlin<br \/>\nTel: +49 (30) 254 69 152<br \/>\nFax: +49 (30) 254 69 153<br \/>\nE-Mail: info(at)candor-beratung.de<\/p>\n<h4>Anfahrt:<\/h4>\n<p>Mit den \u00f6ffentlichen Verkehrsmitteln:<br \/>\nBus Linie M45 bis Eosanderstra\u00dfe (Fu\u00dfweg ca. 200m)<br \/>\nU-Bahn Linie U7 bis U Richard-Wagner-Platz (Fu\u00dfweg ca. 250m)<\/p>\n","protected":false},"excerpt":{"rendered":"<p>Candor Beratungsgesellschaft mbH Gesch\u00e4ftsf\u00fchrung Am Kiefernhang 9 14089 Berlin Tel: +49 (30) 254 69 152 Fax: +49 (30) 254 69 153 E-Mail: info(at)candor-beratung.de Anfahrt: Mit den \u00f6ffentlichen Verkehrsmitteln: Bus Linie M45 bis Eosanderstra\u00dfe (Fu\u00dfweg ca. 200m) U-Bahn Linie U7 bis &hellip; <a href=\"https:\/\/www.candor-beratung.de\/?page_id=88\">Weiterlesen <span class=\"meta-nav\">&rarr;<\/span><\/a><\/p>\n","protected":false},"author":2,"featured_media":0,"parent":0,"menu_order":0,"comment_status":"closed","ping_status":"closed","template":"","meta":[],"_links":{"self":[{"href":"https:\/\/www.candor-beratung.de\/index.php?rest_route=\/wp\/v2\/pages\/88"}],"collection":[{"href":"https:\/\/www.candor-beratung.de\/index.php?rest_route=\/wp\/v2\/pages"}],"about":[{"href":"https:\/\/www.candor-beratung.de\/index.php?rest_route=\/wp\/v2\/types\/page"}],"author":[{"embeddable":true,"href":"https:\/\/www.candor-beratung.de\/index.php?rest_route=\/wp\/v2\/users\/2"}],"replies":[{"embeddable":true,"href":"https:\/\/www.candor-beratung.de\/index.php?rest_route=%2Fwp%2Fv2%2Fcomments&post=88"}],"version-history":[{"count":22,"href":"https:\/\/www.candor-beratung.de\/index.php?rest_route=\/wp\/v2\/pages\/88\/revisions"}],"predecessor-version":[{"id":495,"href":"https:\/\/www.candor-beratung.de\/index.php?rest_route=\/wp\/v2\/pages\/88\/revisions\/495"}],"wp:attachment":[{"href":"https:\/\/www.candor-beratung.de\/index.php?rest_route=%2Fwp%2Fv2%2Fmedia&parent=88"}],"curies":[{"name":"wp","href":"https:\/\/api.w.org\/{rel}","templated":true}]}}