{"id":78,"date":"2014-10-11T10:10:26","date_gmt":"2014-10-11T10:10:26","guid":{"rendered":"http:\/\/linux\/?page_id=78"},"modified":"2021-06-15T14:52:12","modified_gmt":"2021-06-15T12:52:12","slug":"vermoegen","status":"publish","type":"page","link":"https:\/\/www.candor-beratung.de\/?page_id=78","title":{"rendered":"Verm\u00f6gen"},"content":{"rendered":"<p>Eine Anlageentscheidung beinhaltet immer das Abw\u00e4gen von Chancen und Risiken. Geradein der heutigen Zeit gilt dies mehr als je zuvor. Mit einer langfristigen Verm\u00f6gensplanung lassen sich Chancen nutzen und Risikenbegrenzen. Hierbei spielt es keine Rolle, ob man erst dabei ist, ein Verm\u00f6genaufzubauen oder bereits \u00fcber Kapital verf\u00fcgt. Wir legen Wert darauf, mit Ihnen eine individuelle Anlagestrategie zu entwickeln.<\/p>\n<p>Wie verh\u00e4lt sich die Volatilit\u00e4t bei einer bestimmten Renditeerwartung?<\/p>\n<ul>\n<li>Tagesgeld<\/li>\n<li>Festgeld<\/li>\n<li>Investmentfonds<\/li>\n<li>Aktien<\/li>\n<li>Anleihen<\/li>\n<li>Zertifikate<\/li>\n<\/ul>\n<p><script language=\"javascript\" type=\"text\/javascript\" src=\"https:\/\/service.nfs-netfonds.de\/info\/hinweis.js?bereich=2;gb=1;\"><\/script><\/p>\n","protected":false},"excerpt":{"rendered":"<p>Eine Anlageentscheidung beinhaltet immer das Abw\u00e4gen von Chancen und Risiken. Geradein der heutigen Zeit gilt dies mehr als je zuvor. Mit einer langfristigen Verm\u00f6gensplanung lassen sich Chancen nutzen und Risikenbegrenzen. Hierbei spielt es keine Rolle, ob man erst dabei ist, &hellip; <a href=\"https:\/\/www.candor-beratung.de\/?page_id=78\">Weiterlesen <span class=\"meta-nav\">&rarr;<\/span><\/a><\/p>\n","protected":false},"author":2,"featured_media":0,"parent":48,"menu_order":0,"comment_status":"closed","ping_status":"closed","template":"","meta":[],"_links":{"self":[{"href":"https:\/\/www.candor-beratung.de\/index.php?rest_route=\/wp\/v2\/pages\/78"}],"collection":[{"href":"https:\/\/www.candor-beratung.de\/index.php?rest_route=\/wp\/v2\/pages"}],"about":[{"href":"https:\/\/www.candor-beratung.de\/index.php?rest_route=\/wp\/v2\/types\/page"}],"author":[{"embeddable":true,"href":"https:\/\/www.candor-beratung.de\/index.php?rest_route=\/wp\/v2\/users\/2"}],"replies":[{"embeddable":true,"href":"https:\/\/www.candor-beratung.de\/index.php?rest_route=%2Fwp%2Fv2%2Fcomments&post=78"}],"version-history":[{"count":1,"href":"https:\/\/www.candor-beratung.de\/index.php?rest_route=\/wp\/v2\/pages\/78\/revisions"}],"predecessor-version":[{"id":471,"href":"https:\/\/www.candor-beratung.de\/index.php?rest_route=\/wp\/v2\/pages\/78\/revisions\/471"}],"up":[{"embeddable":true,"href":"https:\/\/www.candor-beratung.de\/index.php?rest_route=\/wp\/v2\/pages\/48"}],"wp:attachment":[{"href":"https:\/\/www.candor-beratung.de\/index.php?rest_route=%2Fwp%2Fv2%2Fmedia&parent=78"}],"curies":[{"name":"wp","href":"https:\/\/api.w.org\/{rel}","templated":true}]}}