{"id":75,"date":"2014-10-11T10:07:00","date_gmt":"2014-10-11T10:07:00","guid":{"rendered":"http:\/\/linux\/?page_id=75"},"modified":"2014-10-11T10:07:00","modified_gmt":"2014-10-11T10:07:00","slug":"versicherungen","status":"publish","type":"page","link":"https:\/\/www.candor-beratung.de\/?page_id=75","title":{"rendered":"Versicherungen"},"content":{"rendered":"<p>Jeden Tag sind wir unendlich vielen Gefahren ausgesetzt: Unf\u00e4lle\u00a0 geschehen, Feuer vernichtet den Hausrat, Wertgegenst\u00e4nde werden\u00a0 gestohlen, Z\u00e4hne m\u00fcssen ersetzt werden, Krankheiten wollen geheilt\u00a0 werden, die Arbeitskraft geht verloren und die Rente kommt auch\u00a0 schneller als Sie denken.<\/p>\n<p>Beliebig l\u00e4sst sich diese Liste weiterf\u00fchren. Genau f\u00fcr solch\u00a0 unangenehme \u00dcberraschungen besitzen viele Menschen Versicherungsschutz.\u00a0 Aber auch den Richtigen? Unser Anspruch ist es, mit Ihnen gemeinsam Ihre\u00a0 individuellen Risiken herauszufinden und den pers\u00f6nlichen\u00a0 Versicherungsbedarf daran anzupassen. Unser Ziel ist es, f\u00fcr Sie\u00a0 optimale Leistungen zu g\u00fcnstigen Beitr\u00e4gen zu finden und dies regelm\u00e4\u00dfig\u00a0 zu \u00fcberpr\u00fcfen.<\/p>\n<p>\u201cEs ist besser, eine Versicherung zu haben und nie zu brauchen,<br \/>\nals eine Versicherung zu brauchen und nicht zu haben.\u201d<\/p>\n<ul>\n<li>Haftpflichtversicherung<\/li>\n<li>Hausratversicherung<\/li>\n<li>Unfallversicherung<\/li>\n<li>Rechtsschutzversicherung<\/li>\n<li>Kraftfahrtversicherung<\/li>\n<li>Private Kranken(zusatz)versicherung<\/li>\n<li>Berufsunf\u00e4higkeitsabsicherung<\/li>\n<li>Altersvorsorgeprodukte<\/li>\n<li>Risikolebensversicherung<\/li>\n<li>&#8230;<\/li>\n<\/ul>\n","protected":false},"excerpt":{"rendered":"<p>Jeden Tag sind wir unendlich vielen Gefahren ausgesetzt: Unf\u00e4lle\u00a0 geschehen, Feuer vernichtet den Hausrat, Wertgegenst\u00e4nde werden\u00a0 gestohlen, Z\u00e4hne m\u00fcssen ersetzt werden, Krankheiten wollen geheilt\u00a0 werden, die Arbeitskraft geht verloren und die Rente kommt auch\u00a0 schneller als Sie denken. Beliebig l\u00e4sst &hellip; <a href=\"https:\/\/www.candor-beratung.de\/?page_id=75\">Weiterlesen <span class=\"meta-nav\">&rarr;<\/span><\/a><\/p>\n","protected":false},"author":2,"featured_media":0,"parent":48,"menu_order":0,"comment_status":"closed","ping_status":"closed","template":"","meta":[],"_links":{"self":[{"href":"https:\/\/www.candor-beratung.de\/index.php?rest_route=\/wp\/v2\/pages\/75"}],"collection":[{"href":"https:\/\/www.candor-beratung.de\/index.php?rest_route=\/wp\/v2\/pages"}],"about":[{"href":"https:\/\/www.candor-beratung.de\/index.php?rest_route=\/wp\/v2\/types\/page"}],"author":[{"embeddable":true,"href":"https:\/\/www.candor-beratung.de\/index.php?rest_route=\/wp\/v2\/users\/2"}],"replies":[{"embeddable":true,"href":"https:\/\/www.candor-beratung.de\/index.php?rest_route=%2Fwp%2Fv2%2Fcomments&post=75"}],"version-history":[{"count":0,"href":"https:\/\/www.candor-beratung.de\/index.php?rest_route=\/wp\/v2\/pages\/75\/revisions"}],"up":[{"embeddable":true,"href":"https:\/\/www.candor-beratung.de\/index.php?rest_route=\/wp\/v2\/pages\/48"}],"wp:attachment":[{"href":"https:\/\/www.candor-beratung.de\/index.php?rest_route=%2Fwp%2Fv2%2Fmedia&parent=75"}],"curies":[{"name":"wp","href":"https:\/\/api.w.org\/{rel}","templated":true}]}}