{"id":72,"date":"2014-10-11T10:00:07","date_gmt":"2014-10-11T10:00:07","guid":{"rendered":"http:\/\/linux\/?page_id=72"},"modified":"2014-10-11T10:00:07","modified_gmt":"2014-10-11T10:00:07","slug":"altersvorsorge","status":"publish","type":"page","link":"https:\/\/www.candor-beratung.de\/?page_id=72","title":{"rendered":"Altersvorsorge"},"content":{"rendered":"<p>Herzlich willkommen im Altersvorsorgedschungel:<\/p>\n<p>Staatliche F\u00f6rderung, Steuerbeg\u00fcnstigung, nachgelagerte Besteuerung, ALG II Schutz, Basisversorgung, R\u00fcrup-Rente, Todesfallregelungen, betriebliche Altersvorsorge, kapitalgedeckte Versorgung, Riesterrente u.v.m.<\/p>\n<p>Damit Sie hier den \u00dcberblick behalten, erhalten Sie zun\u00e4chst einen \u00dcberblick der einzelnen Vorsorgem\u00f6glichkeiten, um im Anschluss eine sinnvolle finanzmathematische Betrachtung der Durchf\u00fchrungswege zu simulieren.<\/p>\n<p>Eine individuelle L\u00f6sung f\u00fcr Ihre individuelle Rentengestaltung.<\/p>\n<p>So behalten Sie immer den \u00dcberblick \u00fcber ihre Rentenvorsorgestrategie.<\/p>\n","protected":false},"excerpt":{"rendered":"<p>Herzlich willkommen im Altersvorsorgedschungel: Staatliche F\u00f6rderung, Steuerbeg\u00fcnstigung, nachgelagerte Besteuerung, ALG II Schutz, Basisversorgung, R\u00fcrup-Rente, Todesfallregelungen, betriebliche Altersvorsorge, kapitalgedeckte Versorgung, Riesterrente u.v.m. Damit Sie hier den \u00dcberblick behalten, erhalten Sie zun\u00e4chst einen \u00dcberblick der einzelnen Vorsorgem\u00f6glichkeiten, um im Anschluss eine sinnvolle &hellip; <a href=\"https:\/\/www.candor-beratung.de\/?page_id=72\">Weiterlesen <span class=\"meta-nav\">&rarr;<\/span><\/a><\/p>\n","protected":false},"author":2,"featured_media":0,"parent":48,"menu_order":0,"comment_status":"closed","ping_status":"closed","template":"","meta":[],"_links":{"self":[{"href":"https:\/\/www.candor-beratung.de\/index.php?rest_route=\/wp\/v2\/pages\/72"}],"collection":[{"href":"https:\/\/www.candor-beratung.de\/index.php?rest_route=\/wp\/v2\/pages"}],"about":[{"href":"https:\/\/www.candor-beratung.de\/index.php?rest_route=\/wp\/v2\/types\/page"}],"author":[{"embeddable":true,"href":"https:\/\/www.candor-beratung.de\/index.php?rest_route=\/wp\/v2\/users\/2"}],"replies":[{"embeddable":true,"href":"https:\/\/www.candor-beratung.de\/index.php?rest_route=%2Fwp%2Fv2%2Fcomments&post=72"}],"version-history":[{"count":0,"href":"https:\/\/www.candor-beratung.de\/index.php?rest_route=\/wp\/v2\/pages\/72\/revisions"}],"up":[{"embeddable":true,"href":"https:\/\/www.candor-beratung.de\/index.php?rest_route=\/wp\/v2\/pages\/48"}],"wp:attachment":[{"href":"https:\/\/www.candor-beratung.de\/index.php?rest_route=%2Fwp%2Fv2%2Fmedia&parent=72"}],"curies":[{"name":"wp","href":"https:\/\/api.w.org\/{rel}","templated":true}]}}