{"id":6,"date":"2014-09-11T20:36:01","date_gmt":"2014-09-11T18:36:01","guid":{"rendered":"http:\/\/192.168.28.102\/?page_id=6"},"modified":"2014-11-29T15:20:25","modified_gmt":"2014-11-29T14:20:25","slug":"nomen-est-omen","status":"publish","type":"page","link":"https:\/\/www.candor-beratung.de\/?page_id=6","title":{"rendered":"Nomen est Omen"},"content":{"rendered":"<p>Es gibt zahlreiche Finanzdienstleister, die um die Gunst der Kunden buhlen. Wer aus der breiten Masse herausstechen m\u00f6chte, muss anders sein. Seit unserer Gr\u00fcndung verfolgen wir dieses Ziel. Wir sind anders, weil wir mit unseren Kunden partnerschaftlich zusammenarbeiten.<\/p>\n<p>Die Beziehung zwischen unseren Kunden und Beratern ist partnerschaftlich und von langfristiger Dauer. Voraussetzung hierf\u00fcr ist ein intaktes und vertrautes Verh\u00e4ltnis.<\/p>\n<p>Konservative Werte wie Ehrlichkeit und Aufrichtigkeit stehen somit nicht im Widerspruch zu einer modernen Beratung, sie bilden vielmehr das Fundament.<\/p>\n<p>Aufgrund unseres Namens haben wir uns jederzeit dazu verpflichtet, diese Werte zu repr\u00e4sentieren. Der aus dem lateinischen stammende Begriff \u201cCandor\u201d steht daf\u00fcr. Nomen est Omen.<\/p>\n<p>Eine partnerschaftliche Beziehung zeichnet sich durch ein wechselseitiges Geben und Nehmen aus. Indem ein Kunde uns als seinen Berater ausw\u00e4hlt, schenkt er uns sein Vertrauen. Wir sind uns dessen Wert bewusst und begegnen diesem Vertrauensvorschuss gewissenhaft. F\u00fcr uns ist es selbstverst\u00e4ndlich, dass sich die Beziehung nicht nur auf Beratungsgespr\u00e4che begrenzen, sondern durch Informationsabende oder Kundenworkshops, bei Interesse seitens des Kunden, intensiviert werden kann.<\/p>\n<p>Dementsprechend hoch ist der Anspruch, dem sich jeder Berater\u00a0 zu stellen hat.<\/p>\n<p>Wir haben \u00dcberzeugungen, die wir gerne belegen. Denn was wir denken, geben wir auch unzensiert an unsere Kunden weiter.<\/p>\n<h4>Unsere Philosophie<\/h4>\n<p>\u201cEs gibt kaum etwas auf dieser Welt, das nicht irgendjemand ein wenig schlechter machen und etwas billiger verkaufen k\u00f6nnte, und die Menschen, die sich nur am Preis orientieren, werden die gerechte Beute solcher Machenschaften.<\/p>\n<p>Es ist unklug, zu viel zu bezahlen, aber es ist noch schlechter zu wenig zu bezahlen. Wenn Sie zu viel bezahlen, verlieren Sie etwas Geld, das ist alles. Wenn Sie dagegen zu wenig bezahlen, verlieren Sie manchmal alles, da der gekaufte Gegenstand die ihm zugedachte Aufgabe nicht erf\u00fcllen kann.<\/p>\n<p>Das Gesetz der Wirtschaft verbietet es, f\u00fcr wenig Geld viel Wert zu erhalten. Nehmen Sie das niedrigste Angebot an, m\u00fcssen Sie f\u00fcr das Risiko, das Sie eingehen, etwas hinzurechnen. Und wenn Sie das tun, dann haben Sie auch genug Geld, um f\u00fcr etwas Besseres zu bezahlen.\u201d<\/p>\n<p><em>(John Ruskin, engl. Sozialforscher 1819 &#8211; 1900)<\/em><\/p>\n<p>Dies\u00a0k\u00f6nnten wir nicht besser formulieren.<\/p>\n","protected":false},"excerpt":{"rendered":"<p>Es gibt zahlreiche Finanzdienstleister, die um die Gunst der Kunden buhlen. Wer aus der breiten Masse herausstechen m\u00f6chte, muss anders sein. Seit unserer Gr\u00fcndung verfolgen wir dieses Ziel. Wir sind anders, weil wir mit unseren Kunden partnerschaftlich zusammenarbeiten. Die Beziehung &hellip; <a href=\"https:\/\/www.candor-beratung.de\/?page_id=6\">Weiterlesen <span class=\"meta-nav\">&rarr;<\/span><\/a><\/p>\n","protected":false},"author":2,"featured_media":0,"parent":5,"menu_order":0,"comment_status":"closed","ping_status":"closed","template":"","meta":[],"_links":{"self":[{"href":"https:\/\/www.candor-beratung.de\/index.php?rest_route=\/wp\/v2\/pages\/6"}],"collection":[{"href":"https:\/\/www.candor-beratung.de\/index.php?rest_route=\/wp\/v2\/pages"}],"about":[{"href":"https:\/\/www.candor-beratung.de\/index.php?rest_route=\/wp\/v2\/types\/page"}],"author":[{"embeddable":true,"href":"https:\/\/www.candor-beratung.de\/index.php?rest_route=\/wp\/v2\/users\/2"}],"replies":[{"embeddable":true,"href":"https:\/\/www.candor-beratung.de\/index.php?rest_route=%2Fwp%2Fv2%2Fcomments&post=6"}],"version-history":[{"count":3,"href":"https:\/\/www.candor-beratung.de\/index.php?rest_route=\/wp\/v2\/pages\/6\/revisions"}],"predecessor-version":[{"id":230,"href":"https:\/\/www.candor-beratung.de\/index.php?rest_route=\/wp\/v2\/pages\/6\/revisions\/230"}],"up":[{"embeddable":true,"href":"https:\/\/www.candor-beratung.de\/index.php?rest_route=\/wp\/v2\/pages\/5"}],"wp:attachment":[{"href":"https:\/\/www.candor-beratung.de\/index.php?rest_route=%2Fwp%2Fv2%2Fmedia&parent=6"}],"curies":[{"name":"wp","href":"https:\/\/api.w.org\/{rel}","templated":true}]}}