{"id":454,"date":"2021-03-09T11:53:13","date_gmt":"2021-03-09T10:53:13","guid":{"rendered":"http:\/\/www.candor-beratung.de\/?page_id=454"},"modified":"2023-07-13T09:24:52","modified_gmt":"2023-07-13T07:24:52","slug":"informationen-ueber-nachhaltigkeitsrisiken-bei-finanzprodukten","status":"publish","type":"page","link":"https:\/\/www.candor-beratung.de\/?page_id=454","title":{"rendered":"Informationen \u00fcber Nachhaltigkeitsrisiken bei Finanzprodukten"},"content":{"rendered":"\n<p><em>Die folgenden Informationen gelten ausschlie\u00dflich f\u00fcr Dienstleistungen, die die Candor Beratungsgesellschaft mbH im eigenen Namen und auf eigene Rechnung erbringt, z.B. f\u00fcr die Vermittlung von Versicherungsanlageprodukten. Bei der Erbringung von Wertpapierdienstleistungen gelten die Informationen \u00fcber die Ber\u00fccksichtigung von nachteiligen Nachhaltigkeitsauswirkungen und von Nachhaltigkeitsrisiken der NFS Netfonds Financial Service GmbH, die Sie <a rel=\"noreferrer noopener\" href=\"https:\/\/nfs-netfonds.de\/nachhaltigkeit\/\" target=\"_blank\">hier<\/a> finden.<\/em><\/p>\n\n\n\n<p><strong>Was sind Nachhaltigkeitsrisiken?<\/strong><\/p>\n\n\n\n<p>Als Nachhaltigkeitsrisiken (ESG-Risiken) werden Ereignisse oder Bedingungen aus den drei Bereichen Umwelt (<strong>E<\/strong>nvironment), Soziales (<strong>S<\/strong>ocial) und Unternehmensf\u00fchrung (<strong>G<\/strong>overnance) bezeichnet, deren Eintreten negative Auswirkungen auf den Wert der Investition bzw. Anlage haben k\u00f6nnten. Diese Risiken k\u00f6nnen einzelne Unternehmen genauso wie ganze Branchen oder Regionen betreffen.<\/p>\n\n\n\n<p><\/p>\n\n\n\n<p><strong>Was gibt es f\u00fcr Beispiele f\u00fcr Nachhaltigkeitsrisiken in den drei Bereichen?<\/strong><\/p>\n\n\n\n<ul>\n<li><strong>Umwelt<\/strong>: In Folge des Klimawandels k\u00f6nnten vermehrt auftretende Extremwetterereignisse ein Risiko darstellen. Dieses Risiko wird auch physisches Risiko genannt. Ein Beispiel hierf\u00fcr w\u00e4re eine extreme Trockenperiode in einer bestimmten Region. Dadurch k\u00f6nnten Pegel von Transportwegen wie Fl\u00fcssen so weit sinken, dass der Transport von Waren beeintr\u00e4chtigt werden k\u00f6nnte.<\/li>\n\n\n\n<li><strong>Soziales<\/strong>: Im Bereich des Sozialen k\u00f6nnten sich Risiken zum Beispiel aus der Nichteinhaltung von arbeitsrechtlichen Standards oder des Gesundheitsschutzes ergeben.<\/li>\n\n\n\n<li><strong>Unternehmensf\u00fchrung<\/strong>: Beispiele f\u00fcr Risiken im Bereich der Unternehmensf\u00fchrung sind etwa die Nichteinhaltung der Steuerehrlichkeit oder Korruption in Unternehmen.<\/li>\n<\/ul>\n\n\n\n<p><\/p>\n\n\n\n<p><strong>Information zur Einbeziehung von Nachhaltigkeitsrisiken bei der Beratungst\u00e4tigkeit (Art. 3 TVO)<\/strong><\/p>\n\n\n\n<p>Im Rahmen der Auswahl von Versicherungsgesellschaften und Versicherungsprodukten werden Nachhaltigkeitsrisiken ber\u00fccksichtigt. Die Ber\u00fccksichtigung erfolgt auf Basis der von den Versicherern zur Verf\u00fcgung gestellten Informationen zu ihrer Nachhaltigkeit und ggf. der Nachhaltigkeit des jeweiligen Finanzproduktes. Um die Bewertung von Nachhaltigkeitsrisiken vorzunehmen, nutzen wir u.a. zus\u00e4tzliche Informationen von Dienstleistern, Verb\u00e4nden oder Organisationen, die sich auf die Beurteilung dieser Risiken spezialisiert haben und\/oder entsprechende Datenbanken zur Verf\u00fcgung stellen.<\/p>\n\n\n\n<p><em>Versicherer, die erkennbar keine Strategie zur Einbeziehung von Nachhaltigkeitsrisiken in ihre Investitionsentscheidungen einbeziehen, werden ggf. nicht angeboten.<\/em><\/p>\n\n\n\n<p><\/p>\n\n\n\n<p><\/p>\n\n\n\n<p><strong>Information zur Ber\u00fccksichtigung nachteiliger Auswirkungen auf Nachhaltigkeitsfaktoren (Art. 4 TVO in Verbindung mit Art. 11 der Erg\u00e4nzung zur TVO vom 01. Januar 2023)<\/strong><\/p>\n\n\n\n<p><strong><u>Erkl\u00e4rung \u00fcber die Ber\u00fccksichtigung der wichtigsten nachteiligen Auswirkungen auf Nachhaltigkeitsfaktoren bei der Anlage- und Versicherungsberatung:<\/u><\/strong><\/p>\n\n\n\n<p>Bei der Beratung ist es unser Ziel, Ihnen ein geeignetes Anlage-\/Versicherungsanlageprodukt empfehlen zu k\u00f6nnen. Dabei ber\u00fccksichtigen wir auch Ihre Nachhaltigkeitspr\u00e4ferenzen, sofern Sie dies w\u00fcnschen. Hierbei k\u00f6nnen Sie festlegen, ob bei Ihrer Anlage \u00f6kologische und\/oder soziale Werte sowie Grunds\u00e4tze guter Unternehmensf\u00fchrung und\/oder die wichtigsten nachteiligen Auswirkungen von Investitionsentscheidungen auf Nachhaltigkeitsfaktoren ber\u00fccksichtigt werden sollen. Der Gesetzgeber hat je nach Art des Anlageziels (Investition in Unternehmen, Staaten, Immobilien etc.) in folgenden Bereichen \u201eIndikatoren\u201c f\u00fcr die wichtigsten nachteiligen Auswirkungen ihrer Investitionsentscheidungen auf Nachhaltigkeitsfaktoren bestimmt:<\/p>\n\n\n\n<ul>\n<li>Umwelt-, Sozial- und Arbeitnehmerbelange<\/li>\n\n\n\n<li>Die Achtung der Menschenrechte<\/li>\n\n\n\n<li>Die Bek\u00e4mpfung von Korruption und Bestechung.<\/li>\n<\/ul>\n\n\n\n<p>Die Produktanbieter sind gesetzlich verpflichtet, eine Erkl\u00e4rung zu ver\u00f6ffentlichen, welche Strategie sie in Bezug auf die Ber\u00fccksichtigung der wichtigsten nachteiligen Auswirkungen und den Umgang damit verfolgen. Dies bezieht sich insbesondere auf Treibhausgasemissionen, Wasserverbrauch, Biodiversit\u00e4t, Abfall, Soziales und Arbeitnehmerbelange (einschlie\u00dflich Menschenrechte und Korruption). Wenn Sie sich dazu entscheiden, dass die wichtigsten nachteiligen Auswirkungen Ihrer Investitionsentscheidungen auf Nachhaltigkeitsfaktoren bei der Produktauswahl ber\u00fccksichtigt werden sollen, beachten wir im Rahmen des Auswahlprozesses die von den Produktanbietern bereitgestellten Informationen sowie die von den Produktanbietern dargelegten Strategien.<\/p>\n\n\n\n<p>Eigene Einstufungs- und Auswahlmethoden zu den Informationen der Produktanbieter wenden wir nicht an. Es erfolgt keine gesonderte Pr\u00fcfung der Angaben der Produktanbieter in Hinblick auf ihre Plausibilit\u00e4t.<\/p>\n\n\n\n<p><\/p>\n\n\n\n<p><strong>Informationen zur Verg\u00fctungspolitik bei der Ber\u00fccksichtigung von Nachhaltigkeitsrisiken (Art. 5 TVO)<\/strong><\/p>\n\n\n\n<p>Die Verg\u00fctung f\u00fcr die Vermittlung von Finanzprodukten wird grunds\u00e4tzlich nicht von den Nachhaltigkeitsrisiken beeinflusst.<br>Es kann vorkommen, dass Anbieter die Ber\u00fccksichtigung von Nachhaltigkeitsrisiken bei Investitionen h\u00f6her verg\u00fcten. Wenn dies dem Kundeninteresses nicht widerspricht, wird die h\u00f6here Verg\u00fctung angenommen.<\/p>\n\n\n\n<p><\/p>\n","protected":false},"excerpt":{"rendered":"<p>Die folgenden Informationen gelten ausschlie\u00dflich f\u00fcr Dienstleistungen, die die Candor Beratungsgesellschaft mbH im eigenen Namen und auf eigene Rechnung erbringt, z.B. f\u00fcr die Vermittlung von Versicherungsanlageprodukten. Bei der Erbringung von Wertpapierdienstleistungen gelten die Informationen \u00fcber die Ber\u00fccksichtigung von nachteiligen Nachhaltigkeitsauswirkungen &hellip; <a href=\"https:\/\/www.candor-beratung.de\/?page_id=454\">Weiterlesen <span class=\"meta-nav\">&rarr;<\/span><\/a><\/p>\n","protected":false},"author":2,"featured_media":0,"parent":0,"menu_order":0,"comment_status":"closed","ping_status":"closed","template":"","meta":[],"_links":{"self":[{"href":"https:\/\/www.candor-beratung.de\/index.php?rest_route=\/wp\/v2\/pages\/454"}],"collection":[{"href":"https:\/\/www.candor-beratung.de\/index.php?rest_route=\/wp\/v2\/pages"}],"about":[{"href":"https:\/\/www.candor-beratung.de\/index.php?rest_route=\/wp\/v2\/types\/page"}],"author":[{"embeddable":true,"href":"https:\/\/www.candor-beratung.de\/index.php?rest_route=\/wp\/v2\/users\/2"}],"replies":[{"embeddable":true,"href":"https:\/\/www.candor-beratung.de\/index.php?rest_route=%2Fwp%2Fv2%2Fcomments&post=454"}],"version-history":[{"count":7,"href":"https:\/\/www.candor-beratung.de\/index.php?rest_route=\/wp\/v2\/pages\/454\/revisions"}],"predecessor-version":[{"id":497,"href":"https:\/\/www.candor-beratung.de\/index.php?rest_route=\/wp\/v2\/pages\/454\/revisions\/497"}],"wp:attachment":[{"href":"https:\/\/www.candor-beratung.de\/index.php?rest_route=%2Fwp%2Fv2%2Fmedia&parent=454"}],"curies":[{"name":"wp","href":"https:\/\/api.w.org\/{rel}","templated":true}]}}