{"id":22,"date":"2014-09-11T21:04:59","date_gmt":"2014-09-11T21:04:59","guid":{"rendered":"http:\/\/192.168.28.102\/?page_id=22"},"modified":"2014-12-22T10:04:32","modified_gmt":"2014-12-22T09:04:32","slug":"1-seite","status":"publish","type":"page","link":"https:\/\/www.candor-beratung.de\/","title":{"rendered":"Startseite"},"content":{"rendered":"<p>Herzlich Willkommen bei der Candor Beratungsgesellschaft mbH<\/p>\n<p>Versicherungen, Kapitalanlagen oder Finanzierungen sind so individuell wie ein jeder Mensch selbst.\u00a0Darum entwickeln wir mit Ihnen spezifische L\u00f6sungen f\u00fcr Ihren privaten Haushalt oder Ihren Gewerbebetrieb und unterst\u00fctzen Sie in der Analyse Ihrer aktuellen, einzigartigen und pers\u00f6nlichen Situation.<\/p>\n<p>&nbsp;<\/p>\n<p>&nbsp;<\/p>\n<p><img decoding=\"async\" loading=\"lazy\" class=\"alignleft size-full wp-image-282\" src=\"wp-content\/uploads\/CB_img2.gif\" alt=\"CB_img\" usemap=\"#imagemap\" width=\"573\" height=\"144\" \/><\/p>\n<map name=\"imagemap\">\n<area style=\"outline: none;\" title=\"Verm\u00f6gen\" coords=\"0,38,70,143\" shape=\"rect\" href=\"http:\/\/www.candor-beratung.de\/?page_id=78\" \/>\n<area style=\"outline: none;\" title=\"Kreditrechner\" coords=\"76,83,122,37,142,37,142,142,76,142\" shape=\"poly\" href=\"http:\/\/www.candor-beratung.de\/?page_id=260\" \/>\n<area style=\"outline: none;\" title=\"Kfz-Versicherung\" coords=\"144,0,285,143\" shape=\"rect\" href=\"http:\/\/www.candor-beratung.de\/?page_id=258\" \/>\n<area style=\"outline: none;\" title=\"Versicherungen\" coords=\"287,0,429,143\" shape=\"rect\" href=\"http:\/\/www.candor-beratung.de\/?page_id=75\" \/>\n<area style=\"outline: none;\" title=\"Versicherungen\" coords=\"429,78,540,143\" shape=\"rect\" href=\"http:\/\/www.candor-beratung.de\/?page_id=75\" \/>\n<area style=\"outline: none;\" title=\"Reiseversicherungen\" coords=\"490,0,573,60\" shape=\"rect\" href=\"http:\/\/www.candor-beratung.de\/?page_id=162\" \/> <\/map>\n","protected":false},"excerpt":{"rendered":"<p>Herzlich Willkommen bei der Candor Beratungsgesellschaft mbH Versicherungen, Kapitalanlagen oder Finanzierungen sind so individuell wie ein jeder Mensch selbst.\u00a0Darum entwickeln wir mit Ihnen spezifische L\u00f6sungen f\u00fcr Ihren privaten Haushalt oder Ihren Gewerbebetrieb und unterst\u00fctzen Sie in der Analyse Ihrer aktuellen, &hellip; <a href=\"https:\/\/www.candor-beratung.de\/\">Weiterlesen <span class=\"meta-nav\">&rarr;<\/span><\/a><\/p>\n","protected":false},"author":2,"featured_media":0,"parent":0,"menu_order":0,"comment_status":"closed","ping_status":"closed","template":"","meta":[],"_links":{"self":[{"href":"https:\/\/www.candor-beratung.de\/index.php?rest_route=\/wp\/v2\/pages\/22"}],"collection":[{"href":"https:\/\/www.candor-beratung.de\/index.php?rest_route=\/wp\/v2\/pages"}],"about":[{"href":"https:\/\/www.candor-beratung.de\/index.php?rest_route=\/wp\/v2\/types\/page"}],"author":[{"embeddable":true,"href":"https:\/\/www.candor-beratung.de\/index.php?rest_route=\/wp\/v2\/users\/2"}],"replies":[{"embeddable":true,"href":"https:\/\/www.candor-beratung.de\/index.php?rest_route=%2Fwp%2Fv2%2Fcomments&post=22"}],"version-history":[{"count":46,"href":"https:\/\/www.candor-beratung.de\/index.php?rest_route=\/wp\/v2\/pages\/22\/revisions"}],"predecessor-version":[{"id":490,"href":"https:\/\/www.candor-beratung.de\/index.php?rest_route=\/wp\/v2\/pages\/22\/revisions\/490"}],"wp:attachment":[{"href":"https:\/\/www.candor-beratung.de\/index.php?rest_route=%2Fwp%2Fv2%2Fmedia&parent=22"}],"curies":[{"name":"wp","href":"https:\/\/api.w.org\/{rel}","templated":true}]}}